{"id":2100,"date":"2018-06-20T15:49:08","date_gmt":"2018-06-20T15:49:08","guid":{"rendered":"http:\/\/www.theinstrumentvillage.com\/?page_id=2100"},"modified":"2018-06-20T15:49:08","modified_gmt":"2018-06-20T15:49:08","slug":"datenschutz","status":"publish","type":"page","link":"https:\/\/theinstrumentvillage.de\/?page_id=2100","title":{"rendered":"Datenschutz"},"content":{"rendered":"<header class=\"entry-header\">\n<h1 class=\"page-title\">Datenschutz<\/h1>\n<\/header>\n<div class=\"entry-content\">\n<p>Verantwortlichkeit Datenschutz<\/p>\n<p>Verantwortlich f\u00fcr diese Internetseiten ist<\/p>\n<p>The Instrument Village Bergmeyer, Ehrmann, Sch\u00e4fer GbR<br \/>\nThalkirchner Str. 78a<br \/>\n80337 M\u00fcnchen<br \/>\nDeutschland<br \/>\nTel.: 089-41 95 26 39<br \/>\nE-Mail: frank@theinstrumentvillage.com<\/p>\n<p>Gesch\u00e4ftsf\u00fchrer: Frank Ehrmann, Frank Ehrmann, Markus Sch\u00e4fer<\/p>\n<p>Wir erheben, verwenden und speichern Ihre personenbezogenen Daten ausschlie\u00dflich im Rahmen der Bestimmungen des Bundesdatenschutzgesetzes der Bundesrepublik Deutschland. Nachfolgend unterrichten wir Sie \u00fcber Art, Erhebung und Verarbeitung von Daten.<\/p>\n<p>Umfang und Zweck der Verarbeitung personenbezogener Daten<br \/>\nBeim Aufruf dieser Webseite www.woodarch.de werden durch den Internet-Browser, den der Besucher verwendet, automatisch Daten an den Server dieser Webseite gesendet und zeitlich begrenzt in einer Protokolldatei (Logfile) gespeichert. Bis zur automatischen L\u00f6schung werden nachstehende Daten ohne weitere Eingabe des Besuchers gespeichert:<\/p>\n<p>\u2022 IP-Adresse des Endger\u00e4ts des Besuchers,<br \/>\n\u2022 Datum und Uhrzeit des Zugriffs durch den Besucher,<br \/>\n\u2022 Name und URL der vom Besucher aufgerufenen Seite,<br \/>\n\u2022 Webseite, von der aus der Besucher auf die Webseite gelangt (sog. Referrer-URL),<br \/>\n\u2022 Browser und Betriebssystem des Endger\u00e4ts des Besuchers sowie der Name des vom Besucher verwendeten Access-Providers.<\/p>\n<p>Die Verarbeitung dieser personenbezogenen Daten ist gem. Art. 6 Abs. 1 Satz 1 Buchst. f) DSGVO gerechtfertigt. Die Website hat ein berechtigtes Interesse an der Datenverarbeitung zu dem Zweck,<\/p>\n<p>\u2022 die Verbindung zur Webseite der Website z\u00fcgig aufzubauen,<br \/>\n\u2022 eine nutzerfreundliche Anwendung der Webseite zu erm\u00f6glichen,<br \/>\n\u2022 die Sicherheit und Stabilit\u00e4t der Systeme zu erkennen und zu gew\u00e4hrleisten und\u2022 die Administration der Webseite zu erleichtern und zu verbessern.<br \/>\n\u2022 Die Verarbeitung erfolgt ausdr\u00fccklich nicht zu dem Zweck, Erkenntnisse \u00fcber die Person des Besuchers der Webseite zu gewinnen.<\/p>\n<p>Weitergabe von Daten:<br \/>\nPersonenbezogene Daten werden an Dritte \u00fcbermittelt, wenn<\/p>\n<p>\u2022 nach Art. 6 Abs. 1 Satz 1 Buchst. a) DSGVO durch die betroffene Person ausdr\u00fccklich dazu eingewilligt wurde,<br \/>\n\u2022 die Weitergabe nach Art. 6 Abs. 1 Satz 1 Buchst. f) DSGVO zur Geltendmachung, Aus\u00fcbung oder Verteidigung von Rechtsanspr\u00fcchen erforderlich ist und kein Grund zur Annahme besteht, dass die betroffene Person ein \u00fcberwiegendes schutzw\u00fcrdiges Interesse an der Nichtweitergabe ihrer Daten hat,<br \/>\n\u2022 f\u00fcr die Daten\u00fcbermittlung nach Art. 6 Abs. 1 Satz 1 Buchst. c) DSGVO eine gesetzliche Verpflichtung besteht, und\/oder<br \/>\n\u2022 dies nach Art. 6 Abs. 1 Satz 1 Buchst. b) DSGVO f\u00fcr die Erf\u00fcllung eines Vertragsverh\u00e4ltnisses mit der betroffenen Person erforderlich ist.<\/p>\n<p>In anderen F\u00e4llen werden personenbezogene Daten nicht an Dritte weitergegeben.<\/p>\n<p>Auskunftsanspruch:<br \/>\nWegen eventueller Ausk\u00fcnfte und Erl\u00e4uterungen oder einem etwaigen Verlangen auf Berichtigung, Sperrung oder L\u00f6schung von gespeicherten Daten wenden Sie sich bitte an die mit dem Datenschutz beauftragte Person unter der Mailadresse: info[at]theinstrumentvillage.com<\/p>\n<p>Cookies:<br \/>\nAuf der Webseite werden sog. Cookies eingesetzt. Das sind Datenpakete, die zwischen dem Server der Webseite und dem Browser des Besuchers ausgetauscht werden. Diese werden beim Besuch der Webseite von den jeweils verwendeten Ger\u00e4ten (PC, Notebook, Tablet, Smartphone etc.) gespeichert. Cookies k\u00f6nnen insoweit keine Sch\u00e4den auf den verwendeten Ger\u00e4ten anrichten. Insbesondere enthalten sie keine Viren oder sonstige Schadsoftware. In den Cookies werden Informationen abgelegt, die sich jeweils im Zusammenhang mit dem spezifisch eingesetzten Endger\u00e4t ergeben. Die Website kann damit keinesfalls unmittelbar Kenntnis von der Identit\u00e4t des Besuchers der Webseite erhalten. Cookies werden nach den Grundeinstellungen der Browser gr\u00f6\u00dftenteils akzeptiert. Die Browsereinstellungen k\u00f6nnen so eingerichtet werden, dass Cookies entweder auf den verwendeten Ger\u00e4ten nicht akzeptiert werden, oder dass jeweils ein besonderer Hinweis erfolgt, bevor ein neuer Cookie angelegt wird. Es wird allerdings darauf hingewiesen, dass die Deaktivierung von Cookies dazu f\u00fchren kann, dass nicht alle Funktionen der Webseite bestm\u00f6glich genutzt werden k\u00f6nnen. Der Einsatz von Cookies dient dazu, die Nutzung des Webangebots der Website komfortabler zu gestalten. So kann beispielsweise anhand von Session-Cookies nachvollzogen werden, ob der Besucher einzelne Seiten der Webseite bereits besucht hat. Nach Verlassen der Webseite werden diese Session-Cookies automatisch gel\u00f6scht.<\/p>\n<p>Zur Verbesserung der Benutzerfreundlichkeit werden tempor\u00e4re Cookies eingesetzt. Sie werden f\u00fcr einen vor\u00fcbergehenden Zeitraum auf dem Ger\u00e4t des Besuchers gespeichert. Bei erneutem Besuch der Webseite wird automatisch erkannt, dass der Besucher die Seite bereits zu einem fr\u00fcheren Zeitpunkt aufgerufen hat und welche Eingaben und Einstellungen dabei vorgenommen wurden, um diese nicht wiederholen zu m\u00fcssen.<br \/>\nDer Einsatz von Cookies erfolgt au\u00dferdem, um die Aufrufe der Webseite zu statistischen Zwecken und zum Zwecke der Verbesserung des Angebotes zu analysieren. Diese Cookies erm\u00f6glichen es, bei einem erneuten Besuch automatisch zu erkennen, dass die Webseite bereits zuvor vom Besucher aufgerufen wurde. Hier erfolgt nach einer jeweils festgelegten Zeit eine automatische L\u00f6schung der Cookies.<br \/>\nDie durch Cookies verarbeiteten Daten sind f\u00fcr die o. g. Zwecke zur Wahrung der berechtigten Interessen der Website nach Art. 6 Abs. 1 Satz 1 Buchst. f) DSGVO gerechtfertigt.<\/p>\n<p>Ihre Rechte als betroffene Person<br \/>\nSoweit Ihre personenbezogenen Daten anl\u00e4sslich des Besuchs unserer Webseite verarbeitet werden, stehen Ihnen als \u201ebetroffene Person\u201c im Sinne der DSGVO folgende Rechte zu:<\/p>\n<p>Auskunft<br \/>\nSie k\u00f6nnen von uns Auskunft dar\u00fcber verlangen, ob personenbezogene Daten von Ihnen bei uns verarbeitet werden. Kein Auskunftsrecht besteht, wenn die Erteilung der begehrten Informationen gegen die Verschwiegenheitspflicht gem. \u00a7 83 StBerG versto\u00dfen w\u00fcrde oder die Informationen aus sonstigen Gr\u00fcnden, insbesondere wegen eines \u00fcberwiegenden berechtigten Interesses eines Dritten, geheim gehalten werden m\u00fcssen. Hiervon abweichend kann eine Pflicht zur Erteilung der Auskunft bestehen, wenn insbesondere unter Ber\u00fccksichtigung drohender Sch\u00e4den Ihre Interessen gegen\u00fcber dem Geheimhaltungsinteresse \u00fcberwiegen. Das Auskunftsrecht ist ferner ausgeschlossen, wenn die Daten nur deshalb gespeichert sind, weil sie aufgrund gesetzlicher oder satzungsm\u00e4\u00dfiger Aufbewahrungsfristen nicht gel\u00f6scht werden d\u00fcrfen oder ausschlie\u00dflich Zwecken der Datensicherung oder der Datenschutzkontrolle dienen, sofern die Auskunftserteilung einen unverh\u00e4ltnism\u00e4\u00dfig hohen Aufwand erfordern w\u00fcrde und die Verarbeitung zu anderen Zwecken durch geeignete technische und organisatorische Ma\u00dfnahmen ausgeschlossen ist. Sofern in Ihrem Fall das Auskunftsrecht nicht ausgeschlossen ist und Ihre personenbezogenen Daten von uns verarbeitet werden, k\u00f6nnen Sie von uns Auskunft \u00fcber folgende Informationen verlangen:<\/p>\n<p>\u2022 Zwecke der Verarbeitung,<br \/>\n\u2022 Kategorien der von Ihnen verarbeiteten personenbezogenen Daten,<br \/>\n\u2022 Empf\u00e4nger oder Kategorien von Empf\u00e4ngern, gegen\u00fcber denen Ihre personenbezogenen Daten offen gelegt werden, insbesondere bei Empf\u00e4ngern in Drittl\u00e4ndern,<br \/>\n\u2022 falls m\u00f6glich die geplante Dauer, f\u00fcr die Ihre personenbezogenen Daten gespeichert werden oder, falls dies nicht m\u00f6glich ist, die Kriterien f\u00fcr die Festlegung der Speicherdauer,<br \/>\n\u2022 das Bestehen eines Rechts auf Berichtigung oder L\u00f6schung oder Einschr\u00e4nkung der Verarbeitung der Sie betreffenden personenbezogenen Daten oder eines Widerspruchsrechts gegen diese Verarbeitung,<br \/>\n\u2022 das Bestehen eines Beschwerderechts bei einer Aufsichtsbeh\u00f6rde f\u00fcr den Datenschutz,<br \/>\n\u2022 sofern die personenbezogenen Daten nicht bei Ihnen als betroffene Person erhoben worden sind, die verf\u00fcgbaren Informationen \u00fcber die Datenherkunft,<br \/>\n\u2022 ggf. das Bestehen einer automatisierten Entscheidungsfindung einschlie\u00dflich Profiling und aussagekr\u00e4ftige Informationen \u00fcber die involvierte Logik sowie die Tragweite und angestrebten Auswirkungen automatisierter Entscheidungsfindungen,<br \/>\n\u2022 ggf. im Fall der \u00dcbermittlung an Empf\u00e4nger in Drittl\u00e4ndern, sofern kein Beschluss der EU-Kommission \u00fcber die Angemessenheit des Schutzniveaus nach Art. 45 Abs. 3 DSGVO vorliegt, Informationen dar\u00fcber, welche geeigneten Garantien gem. Art. 46 Abs. 2 DSGVO zum Schutze der personenbezogenen Daten vorgesehen sind.<\/p>\n<p>Berichtigung und Vervollst\u00e4ndigung<br \/>\nSofern Sie feststellen, dass uns unrichtige personenbezogene Daten von Ihnen vorliegen, k\u00f6nnen Sie von uns die unverz\u00fcgliche Berichtigung dieser unrichtigen Daten verlangen. Bei unvollst\u00e4ndigen Sie betreffenden personenbezogenen Daten k\u00f6nnen sie die Vervollst\u00e4ndigung verlangen.<\/p>\n<p>L\u00f6schung<br \/>\nSie haben ein Recht auf L\u00f6schung (\u201eRecht auf Vergessenwerden\u201c), sofern die Verarbeitung nicht zur Aus\u00fcbung des Rechts auf freie Meinungs\u00e4u\u00dferung, des Rechts auf Information oder zur Erf\u00fcllung einer rechtlichen Verpflichtung oder zur Wahrnehmung einer Aufgabe, die im \u00f6ffentlichen Interesse liegt, erforderlich ist und einer der nachstehenden Gr\u00fcnde zutrifft:<\/p>\n<p>\u2022 Die personenbezogenen Daten sind f\u00fcr die Zwecke, f\u00fcr die sie verarbeitet wurden, nicht mehr notwendig.<br \/>\n\u2022 Die Rechtfertigungsgrundlage f\u00fcr die Verarbeitung war ausschlie\u00dflich Ihre Einwilligung, welche Sie widerrufen haben.<br \/>\n\u2022 Sie haben Widerspruch gegen die Verarbeitung Ihrer personenbezogenen Daten eingelegt, die wir \u00f6ffentlich gemacht haben.<br \/>\n\u2022 Sie haben Widerspruch gegen die Verarbeitung von uns nicht \u00f6ffentlich gemachter personenbezogener Daten eingelegt und es liegen keine vorrangigen berechtigten Gr\u00fcnde f\u00fcr die Verarbeitung vor.<br \/>\n\u2022 Ihre personenbezogenen Daten wurden unrechtm\u00e4\u00dfig verarbeitet.<br \/>\n\u2022 Die L\u00f6schung der personenbezogenen Daten ist zur Erf\u00fcllung einer gesetzlichen Verpflichtung, der wir unterliegen, erforderlich.<\/p>\n<p>Kein Anspruch auf L\u00f6schung besteht, wenn die L\u00f6schung im Falle rechtm\u00e4\u00dfiger nicht automatisierter Datenverarbeitung wegen der besonderen Art der Speicherung nicht oder nur mit unverh\u00e4ltnism\u00e4\u00dfig hohem Aufwand m\u00f6glich und Ihr Interesse an der L\u00f6schung gering ist. In diesem Fall tritt an die Stelle einer L\u00f6schung die Einschr\u00e4nkung der Verarbeitung.<\/p>\n<p>Einschr\u00e4nkung der Verarbeitung<br \/>\nSie k\u00f6nnen von uns die Einschr\u00e4nkung der Verarbeitung verlangen, wenn einer der nachstehenden Gr\u00fcnde zutrifft:<\/p>\n<p>\u2022 Sie bestreiten die Richtigkeit der personenbezogenen Daten. Die Einschr\u00e4nkung kann in diesem Fall f\u00fcr die Dauer verlangt werden, die es uns erm\u00f6glicht, die Richtigkeit der Daten zu \u00fcberpr\u00fcfen.<br \/>\n\u2022 Die Verarbeitung ist unrechtm\u00e4\u00dfig und Sie verlangen statt L\u00f6schung die Einschr\u00e4nkung der Nutzung Ihrer personenbezogenen Daten.<br \/>\n\u2022 Ihre personenbezogenen Daten werden von uns nicht l\u00e4nger f\u00fcr die Zwecke der Verarbeitung ben\u00f6tigt, die Sie jedoch zur Geltendmachung, Aus\u00fcbung oder Verteidigung von Rechtsanspr\u00fcchen ben\u00f6tigen.<br \/>\n\u2022 Sie haben Widerspruch gem. Art. 21 Abs. 1 DSGVO eingelegt. Die Einschr\u00e4nkung der Verarbeitung kann solange verlangt werden, wie noch nicht feststeht, ob unsere berechtigten Gr\u00fcnde gegen\u00fcber Ihren Gr\u00fcnden \u00fcberwiegen.<\/p>\n<p>Einschr\u00e4nkung der Verarbeitung bedeutet, dass die personenbezogenen Daten nur mit Ihrer Einwilligung oder zur Geltendmachung, Aus\u00fcbung oder Verteidigung von Rechtsanspr\u00fcchen oder zum Schutz der Rechte einer anderen nat\u00fcrlichen oder juristischen Person oder aus Gr\u00fcnden eines wichtigen \u00f6ffentlichen Interesses verarbeitet werden. Bevor wir die Einschr\u00e4nkung aufheben, haben wir die Pflicht, Sie dar\u00fcber zu unterrichten.<\/p>\n<p>Daten\u00fcbertragbarkeit<br \/>\nSie haben ein Recht auf Daten\u00fcbertragbarkeit, sofern die Verarbeitung auf Ihrer Einwilligung (Art. 6 Abs. 1 Satz 1 Buchst. a) oder Art. 9 Abs. 2 Buchst. a) DSGVO) oder auf einem Vertrag beruht, dessen Vertragspartei Sie sind und die Verarbeitung mithilfe automatisierter Verfahren erfolgt. Das Recht auf Daten\u00fcbertragbarkeit beinhaltet in diesem Fall folgende Rechte, sofern hierdurch nicht die Rechte und Freiheiten anderer Personen beeintr\u00e4chtigt werden: Sie k\u00f6nnen von uns verlangen, die personenbezogenen Daten, die Sie uns bereit gestellt haben, in einem strukturierten, g\u00e4ngigen und maschinenlesbaren Format zu erhalten. Sie haben das Recht, diese Daten einem anderen Verantwortlichen ohne Behinderung unserseits zu \u00fcbermitteln. Soweit technisch machbar, k\u00f6nnen Sie von uns verlangen, dass wir Ihre personenbezogenen Daten direkt an einen anderen Verantwortlichen \u00fcbermitteln.<\/p>\n<p>Plugins sozialer Netzwerke (Social Plugins)<br \/>\nAuf unserer Webseite sind Plugins der nachstehenden sozialen Netzwerke eingebunden: Instagram, Facebook, YouTube, Twitter<br \/>\nRechtsgrundlage f\u00fcr den Einsatz von Social Plugins ist Art. 6 Abs. 1 Satz 1 Buchst. f) DSGVO. Ein berechtigtes Interesse unserer Website und Zweck des Einsatzes von Plugins sozialer Netzwerke ist es, unser Angebot einem breiten Publikum gegen\u00fcber bekanntzumachen. Die sozialen Netzwerke sind f\u00fcr den datenschutzkonformen Umgang mit den Daten ihrer Nutzer verantwortlich.<\/p>\n<p>Widerspruch<br \/>\nSofern die Verarbeitung auf Art. 6 Abs. 1 Satz 1 Buchst. e) DSGVO (Wahrnehmung einer Aufgabe im \u00f6ffentlichen Interesse oder in Aus\u00fcbung \u00f6ffentlicher Gewalt) oder auf Art. 6 Abs. 1 Satz 1 Buchst. f) DSGVO (berechtigtes Interesse des Verantwortlichen oder eines Dritten) beruht, haben Sie das Recht, aus Gr\u00fcnden, die sich aus Ihrer besonderen Situation ergeben, jederzeit gegen die Verarbeitung der Sie betreffenden personenbezogenen Daten Widerspruch einzulegen. Das gilt auch f\u00fcr ein auf Art. 6 Abs. 1 Satz 1 Buchst. e) oder Buchst. f) DSGVO gest\u00fctztes Profiling. Nach Aus\u00fcbung des Widerspruchsrechts verarbeiten wir Ihre personenbezogenen Daten nicht mehr, es sei denn, wir k\u00f6nnen zwingende schutzw\u00fcrdige Gr\u00fcnde f\u00fcr die Verarbeitung nachweisen, die Ihre Interessen, Rechte und Freiheiten \u00fcberwiegen, oder die Verarbeitung dient der Geltendmachung, Aus\u00fcbung oder Verteidigung von Rechtsanspr\u00fcchen.<\/p>\n<p>Sie k\u00f6nnen jederzeit Widerspruch gegen die Verarbeitung der Sie betreffenden personenbezogenen Daten zu Zwecken der Direktwerbung einlegen. Das gilt auch f\u00fcr ein Profiling, das mit einer solchen Direktwerbung in Verbindung steht. Nach Aus\u00fcbung dieses Widerspruchsrechts werden wir die betreffenden personenbezogenen Daten nicht mehr f\u00fcr Zwecke der Direktwerbung verwenden.<br \/>\nSie haben die M\u00f6glichkeit, den Widerspruch telefonisch, per E-Mail, ggf. per Telefax oder an unsere zu Beginn dieser Datenschutzerkl\u00e4rung aufgef\u00fchrte Postadresse unserer Firma formlos mitzuteilen.<\/p>\n<p>Widerruf einer Einwilligung<br \/>\nSie haben das Recht, eine erteilte Einwilligung jederzeit mit Wirkung f\u00fcr die Zukunft zu widerrufen. Der Widerruf der Einwilligung kann telefonisch, per E-Mail, ggf. per Telefax oder an unsere Postadresse formlos mitgeteilt werden. Durch den Widerruf wird die Rechtm\u00e4\u00dfigkeit der Datenverarbeitung, die aufgrund der Einwilligung bis zum Eingang des Widerrufs erfolgt ist, nicht ber\u00fchrt. Nach Eingang des Widerrufs wird die Datenverarbeitung, die ausschlie\u00dflich auf Ihrer Einwilligung beruhte, eingestellt.<\/p>\n<p>Beschwerde<br \/>\nWenn Sie der Ansicht sind, dass die Verarbeitung der Sie betreffenden personenbezogenen Daten rechtswidrig ist, k\u00f6nnen Sie Beschwerde bei einer Aufsichtsbeh\u00f6rde f\u00fcr den Datenschutz einlegen, die f\u00fcr den Ort Ihres Aufenthaltes oder Arbeitsplatzes oder f\u00fcr den Ort des mutma\u00dflichen Versto\u00dfes zust\u00e4ndig ist.<\/p>\n<p>Werbe-Mails:<br \/>\nDer Nutzung von im Rahmen der Impressumspflicht ver\u00f6ffentlichten Kontaktdaten durch Dritte zur \u00dcbersendung von nicht ausdr\u00fccklich angeforderter Werbung und Informationsmaterialien wird hiermit ausdr\u00fccklich widersprochen. Die Betreiber der Seiten behalten sich ausdr\u00fccklich rechtliche Schritte im Falle der unverlangten Zusendung von Werbeinformationen, etwa durch Spam-Mails, vor.<\/p>\n<p>Newsletter<br \/>\nF\u00fcr die Anmeldung zu unserem Newsletter verwenden wir das sog. Double-opt-in-Verfahren. Das hei\u00dft, dass wir Ihnen nach Angabe Ihrer E-Mail-Adresse eine Best\u00e4tigungs-E-Mail an die oben angegebene E-Mail-Adresse senden, in welcher wir Sie um Best\u00e4tigung bitten, dass Sie den Versand des Newsletters w\u00fcnschen. Sofern Sie den Wunsch nach dem Empfang des Newsletters best\u00e4tigen, speichern wir Ihre E-Mail-Adresse so lange, bis Sie den Newsletter abbestellen. Die Speicherung dient alleine dem Zweck, Ihnen den Newsletter senden zu k\u00f6nnen. Des Weiteren speichern wir jeweils bei Anmeldung und Best\u00e4tigung Ihre IP-Adressen und die Zeitpunkte, um einen Missbrauch Ihrer pers\u00f6nlichen Daten zu verhindern.<\/p>\n<p>Pflichtangabe f\u00fcr die \u00dcbersendung des Newsletters ist allein die E-Mail-Adresse. Die Angabe weiterer, gesondert markierter, Angaben ist freiwillig und wird allein zu einer Personalisierung des Newsletters verwendet. Auch diese Daten werden bei Widerruf vollst\u00e4ndig gel\u00f6scht.<\/p>\n<p>Ihre Einwilligung in die \u00dcbersendung des Newsletters k\u00f6nnen Sie jederzeit widerrufen. Den Widerruf k\u00f6nnen Sie direkt im Newsletter \u00fcber den \u201cAbmelden\u201d Link \u201cWenn Du den Newsletter nicht mehr bekommen m\u00f6chtest, klicke hier um dich abzumelden\u201d erkl\u00e4ren. Ihre angegebenen Daten werden nicht an Dritte weitergegeben.<\/p>\n<p>Stand dieser Datenschutzerkl\u00e4rung: Mai 2018<\/p>\n<\/div>\n","protected":false},"excerpt":{"rendered":"<p>Datenschutz Verantwortlichkeit Datenschutz Verantwortlich f\u00fcr diese Internetseiten ist The Instrument Village Bergmeyer, Ehrmann, Sch\u00e4fer GbR Thalkirchner Str. 78a 80337 M\u00fcnchen Deutschland Tel.: 089-41 95 26 39 E-Mail: frank@theinstrumentvillage.com Gesch\u00e4ftsf\u00fchrer: Frank Ehrmann, Frank Ehrmann, Markus Sch\u00e4fer Wir erheben, verwenden und speichern Ihre personenbezogenen Daten ausschlie\u00dflich im Rahmen der Bestimmungen des Bundesdatenschutzgesetzes der Bundesrepublik Deutschland. Nachfolgend unterrichten [&hellip;]<\/p>\n","protected":false},"author":17613,"featured_media":0,"parent":0,"menu_order":0,"comment_status":"closed","ping_status":"closed","template":"","meta":{"footnotes":""},"class_list":["post-2100","page","type-page","status-publish","hentry"],"_links":{"self":[{"href":"https:\/\/theinstrumentvillage.de\/index.php?rest_route=\/wp\/v2\/pages\/2100","targetHints":{"allow":["GET"]}}],"collection":[{"href":"https:\/\/theinstrumentvillage.de\/index.php?rest_route=\/wp\/v2\/pages"}],"about":[{"href":"https:\/\/theinstrumentvillage.de\/index.php?rest_route=\/wp\/v2\/types\/page"}],"author":[{"embeddable":true,"href":"https:\/\/theinstrumentvillage.de\/index.php?rest_route=\/wp\/v2\/users\/17613"}],"replies":[{"embeddable":true,"href":"https:\/\/theinstrumentvillage.de\/index.php?rest_route=%2Fwp%2Fv2%2Fcomments&post=2100"}],"version-history":[{"count":3,"href":"https:\/\/theinstrumentvillage.de\/index.php?rest_route=\/wp\/v2\/pages\/2100\/revisions"}],"predecessor-version":[{"id":2103,"href":"https:\/\/theinstrumentvillage.de\/index.php?rest_route=\/wp\/v2\/pages\/2100\/revisions\/2103"}],"wp:attachment":[{"href":"https:\/\/theinstrumentvillage.de\/index.php?rest_route=%2Fwp%2Fv2%2Fmedia&parent=2100"}],"curies":[{"name":"wp","href":"https:\/\/api.w.org\/{rel}","templated":true}]}}