{"id":177,"date":"2010-05-10T10:52:55","date_gmt":"2010-05-10T10:52:55","guid":{"rendered":"http:\/\/www.theinstrumentvillage.com\/?page_id=177"},"modified":"2014-05-19T11:15:59","modified_gmt":"2014-05-19T11:15:59","slug":"general-terms-and-conditions","status":"publish","type":"page","link":"https:\/\/theinstrumentvillage.de\/?page_id=177","title":{"rendered":"General Terms and Conditions"},"content":{"rendered":"<div id=\"agb\">\n<h2>Allgemeine Gesch\u00e4ftsbedingungen (AGB)<\/h2>\n<p>F\u00fcr den Einkauf im Online-Shop der The Instrument Village Gbr<\/p>\n<p><em>1. Vertragspartner \/ Geltung<\/em><br \/>\n1.1 Vertragspartner ist die The Instrument Village, Dino Borsellino, Frank Ehrmann, Markus\u00a0Sch\u00e4fer Gbr, Thalkirchnerstr. 78a, 80337 M\u00fcnchen.<br \/>\n1.2 Unsere Allgemeinen Gesch\u00e4ftsbedingungen (AGB) sind Vertragsbestandteil und gelten f\u00fcr alle,\u00a0somit auch zuk\u00fcnftigen Gesch\u00e4fte, Lieferungen und Leistungen des Shopbetreibers\u00a0mit Ihnen. Die AGBs werden von Ihnen in vollem Umfang in der zum Zeitpunkt des\u00a0Gesch\u00e4ftsabschlusses geltenden Fassung akzeptiert. Von diesen Bedingungen\u00a0abweichenden Regelungen, insbesondere auch Ihre etwaigen Gesch\u00e4ftsbedingungen,\u00a0wird hiermit widersprochen.<\/p>\n<p><em>2. Angebote, Bestellung und Vertragsabschluss<\/em><br \/>\n2.1 Alle unsere Angebote sind stets freibleibend und unverbindlich. Ihre Bestellung stellt ein\u00a0verbindliches Angebot an uns dar, welches wir mit Versendung Ihrer Bestellung oder der schriftlichen Best\u00e4tigung der Bestellung durch uns annehmen. \u00dcber Produkte aus\u00a0ein und derselben Bestellung, die nicht an Sie versendet werden k\u00f6nnen oder die\u00a0nicht in der Versandbest\u00e4tigung aufgef\u00fchrt sind, kommt kein Kaufvertrag zustande.\u00a0Sie k\u00f6nnen bei uns nur als Vollj\u00e4hriger bestellen.<br \/>\n2.2 Nebenabreden sind nur wirksam, wenn sie schriftlich best\u00e4tigt sind.<br \/>\n2.3 Preis\u00e4nderungen, technische \u00c4nderungen, Irrt\u00fcmer, Druckfehler oder Zwischenverkauf behalten\u00a0wir uns ausdr\u00fccklich vor.<\/p>\n<p><em>3. Preise<\/em><br \/>\nIn unserem Webshop sind die Preise in EURO inklusive der gesetzlichen Mehrwertsteuer ohne\u00a0Skonto und sonstige Nachl\u00e4sse ausgewiesen. Es gelten die jeweiligen Preise zum Zeitpunkt der\u00a0Bestellung. Etwaige landes\u00fcbliche Einfuhrumsatzsteuern etc. sind von Ihnen zu tragen.<\/p>\n<p><em>4. Zahlung \/ Aufrechnung \/ Zur\u00fcckbehaltungsrecht<\/em><br \/>\n4.1 Der Kaufpreis inklusive s\u00e4mtlicher Kosten ist ab Rechnungslegung f\u00e4llig, die Zahlungen sind\u00a0rein netto ohne Skonti oder sonstige Abz\u00fcge zu leisten, solange nicht ausdr\u00fccklich\u00a0ein anderer Zahlungsmodus schriftlich vereinbart wird.<br \/>\n4.2 Soweit Sie sich in Verzug befinden, sind wir berechtigt, Verzugszinsen in H\u00f6he von 5% \u00fcber\u00a0dem von der Europ\u00e4ischen Zentralbank bekannt gegebenen Basiszinssatz p.a. geltend zu machen. Dar\u00fcber hinausgehende Schadensersatzanspr\u00fcche bleiben\u00a0hiervon unber\u00fchrt.<br \/>\n4.3 Zahlungsm\u00f6glichkeiten: Via \u00bbPayPal\u00ab: Vor Abschluss Ihrer Bestellung w\u00e4hlen Sie \u00bbPayPal\u00ab als Zahlungsart aus. Bitte folgen\u00a0Sie den weiteren Anweisungen im Shop bzw. von \u00bbPayPal\u00ab. Vor dem endg\u00fcltigen Abschluss Ihrer Bestellung werden Sie in einem separaten\u00a0Fenster durch \u00bbPayPal\u00ab gebeten, die Zahlung zu veranlassen. Ist dieser\u00a0Zahlungsprozess bei \u00bbPayPal\u00ab abgeschlossen, f\u00fchren Sie den eigentlichen\u00a0Bestellvorgang zu Ende. Sobald uns \u00bbPayPal\u00ab den Zahlungseingang meldet,\u00a0liefern wir Ihre Bestellung entsprechend der Regelungen dieser AGBs aus.\u00a0Via Vorkasse: Nach Eingang Ihrer Bestellung, \u00fcbersenden wir Ihnen per E-Mail unsere\u00a0Kontoverbindung und Sie \u00fcberweisen uns den Rechnungsbetrag. Nach Eingang Ihrer Zahlung liefern wir Ihre Bestellung entsprechend der\u00a0Regelungen dieser AGBs aus.<br \/>\n4.4 Gegen unsere Anspr\u00fcche k\u00f6nnen Sie nur dann aufrechnen, wenn Ihre Gegenforderung\u00a0unbestritten ist oder ein rechtskr\u00e4ftiger Titel vorliegt. Au\u00dferdem sind Sie zur Aus\u00fcbung eines Zur\u00fcckbehaltungsrechts nur insoweit befugt, als Ihr Gegenanspruch\u00a0auf dem gleichen Vertragsverh\u00e4ltnis beruht.<\/p>\n<p><em>5. Eigentumsvorbehalt<\/em><br \/>\nJede Lieferung erfolgt unter Eigentumsvorbehalt; erst mit der vollst\u00e4ndigen Bezahlung\u00a0der Ware geht das Eigentum auf Sie \u00fcber. Bis zu diesem Zeitpunkt d\u00fcrfen die Waren nicht weiterver\u00e4u\u00dfert, verpf\u00e4ndet, sicherheitshalber \u00fcbereignet oder mit sonstigen Rechten\u00a0belastet werden.<\/p>\n<p><em>6. Versandkosten<\/em><br \/>\n6.1 Zus\u00e4tzlich zum Warenwert sind die beim Bestellabschluss ausgewiesenen Versandkosten zu\u00a0entrichten.<br \/>\n6.2 Wir behalten uns ausdr\u00fccklich das Recht vor, falls erforderlich und bedingt durch die Eigenart\u00a0des Auftrages (insbesondere z.B. bei Versand ins Nicht-Europ\u00e4ische Ausland; bei\u00a0Bestellungen von gr\u00f6\u00dferen St\u00fcckzahlen), nach R\u00fccksprache mit Ihnen h\u00f6here\u00a0Versandkosten zu verlangen. Soweit Sie einer Anpassung der Versandkosten nicht\u00a0zustimmen, haben Sie die M\u00f6glichkeit, Ihre Bestellung zu stornieren. Bereits\u00a0get\u00e4tigte Zahlungen werden Ihnen in diesem Fall unverz\u00fcglich zur\u00fcckerstattet.<\/p>\n<p><em>7. Lieferung<\/em><br \/>\n7.1 Sofern nicht anders vereinbart und die Ware vorr\u00e4tig ist, erfolgt die Lieferung ab unserem Lager\u00a0an die von Ihnen angegebene Lieferadresse. Angaben \u00fcber die Lieferfrist sind unverbindlich, soweit nicht ausnahmsweise der Liefertermin verbindlich zugesagt\u00a0wurde.<br \/>\n7.2 Soweit wir im Falle eines Vertragsschlusses ohne eigenes Verschulden zur Lieferung der\u00a0bestellten Ware nicht in der Lage sind, sind wir berechtigt, Ihnen gegen\u00fcber vom Vertrag zur\u00fcckzutreten. In diesem Fall werden Sie unverz\u00fcglich dar\u00fcber informiert,\u00a0dass die bestellte Ware nicht zur Verf\u00fcgung steht. Bereits get\u00e4tigte Zahlungen\u00a0werden Ihnen dann unverz\u00fcglich zur\u00fcckerstattet.<br \/>\n7.3 Soweit eine Lieferung an Sie aus Gr\u00fcnden, die in Ihrer Sph\u00e4re liegen, nicht m\u00f6glich ist, tragen\u00a0Sie die Kosten f\u00fcr die erfolglose Anlieferung.<br \/>\n7.4 Der Versand erfolgt auf Ihr Risiko und Ihre Gefahr hin.<\/p>\n<p><em>8. Widerrufsbelehrung<\/em><br \/>\n8.1 Als Verbraucher haben Sie das Recht, den Kaufvertrag ohne Angabe von Gr\u00fcnden in\u00a0Textform (z.B. Brief, E-Mail) innerhalb von 14 Tagen ab Erhalt der Ware oder\u00a0durch R\u00fccksendung der bestellten Ware zu widerrufen. Vorgenannte Frist\u00a0beginnt nach Erhalt dieser Belehrung, jedoch nicht vor Eingang der bestellten\u00a0Ware bei Ihnen und auch nicht vor Erf\u00fcllung unserer Informationspflichten\u00a0gem. \u00a7 312c II BGB i.V.m. \u00a7 1 I, II, IV BGB-InfoV und \u00a7 312e I S. 1 BGB i.V.m.\u00a0\u00a7 3 BGB-InfoV Zur Wahrung dieser Frist gen\u00fcgt die rechtzeitige Absendung\u00a0des Widerrufs oder der Sache. DER WIDERRUF IST ZU RICHTEN AN: The\u00a0Instrument Village, Dino Borsellino, Frank Ehrmann, Markus Sch\u00e4fer Gbr,\u00a0Thalkirchnerstr. 78a, 80337 M\u00fcnchen, info@theinstrumentvillage.com<br \/>\n8.2 Widerrufsfolgen: Im Falle eines wirksamen Widerrufs sind die beiderseits empfangenen\u00a0Leistungen zur\u00fcckzugew\u00e4hren und gegebenenfalls gezogenen Nutzungen (z. B. Zinsen) herauszugeben. K\u00f6nnen Sie uns die empfangene Leistung ganz oder\u00a0teilweise nicht oder nur in verschlechtertem Zustand zur\u00fcckgew\u00e4hren, m\u00fcssen\u00a0Sie uns gegebenenfalls Wertersatz leisten. Bei der \u00dcberlassung von Waren gilt\u00a0dies jedoch dann nicht, wenn die Verschlechterung der Sache ausschlie\u00dflich auf\u00a0deren Pr\u00fcfung \u2013 wie Sie Ihnen etwa im Ladengesch\u00e4ft m\u00f6glich gewesen w\u00e4re \u2013\u00a0zur\u00fcckzuf\u00fchren ist. F\u00fcr eine durch die bestimmungsgem\u00e4\u00dfe Ingebrauchnahme\u00a0der Ware entstandene Verschlechterung m\u00fcssen Sie keinen Wertersatz leisten.\u00a0Betrifft der Widerruf Waren im Wert von nicht mehr als 40 EURO oder haben\u00a0Sie bei einem h\u00f6heren Preis der Sache zum Zeitpunkt des Widerrufes noch\u00a0nicht die Gegenleistung oder eine vertraglich vereinbarte Teilleistung erbracht,\u00a0so haben Sie die R\u00fccksendekosten zu tragen, es sei denn, die gelieferte Ware\u00a0entspricht nicht der bestellten. Ansonsten ist die Ware auf unsere Gefahr und\u00a0unsere Kosten an vorgenannte Adresse zur\u00fcckzusenden. Bei R\u00fccksendung\u00a0besch\u00e4digter Ware sind wir berechtigt, Ersatzanspr\u00fcche geltend zu machen.\u00a0Verpflichtungen zur Erstattung von Zahlungen m\u00fcssen innerhalb von 30 Tagen\u00a0erf\u00fcllt werden. Die Frist beginnt f\u00fcr Sie mit der Absendung Ihrer\u00a0Widerrufserkl\u00e4rung oder der Ware, f\u00fcr uns mit deren Empfang.<br \/>\n8.3 Ein Widerrufsrecht besteht nicht bei Fernabsatzvertr\u00e4gen\u00a0zur Lieferung von Waren, die nach Kundenspezifikation angefertigt werden oder eindeutig\u00a0auf die pers\u00f6nlichen Bed\u00fcrfnisse zugeschnitten sind oder die auf Grund\u00a0ihrer Beschaffenheit nicht f\u00fcr eine R\u00fccksendung geeignet sind oder\u00a0schnell verderben k\u00f6nnen oder deren Verfalldatum \u00fcberschritten w\u00fcrde,\u00a0zur Lieferung von Audio- oder Videoaufzeichnungen, sofern die gelieferten Datentr\u00e4ger vom\u00a0Verbraucher entsiegelt worden sind.<\/p>\n<p><em>9. Gew\u00e4hrleistung &#8211; Haftungsbeschr\u00e4nkungen<\/em><br \/>\n9.1 Wir haften f\u00fcr M\u00e4ngel nach den gesetzlichen Bestimmungen, soweit die Haftung nicht gem\u00e4\u00df\u00a0der nachfolgenden Regelungen ausgeschlossen oder beschr\u00e4nkt ist. Eine Abtretung\u00a0entsprechender Anspr\u00fcche ist ausgeschlossen.<br \/>\n9.2 Betr. unser Textil- und Druckprodukte gilt folgende Haftungsbeschr\u00e4nkung: Eventuell geringe\u00a0farbliche Abweichungen zwischen Abbildungen und der gelieferten Ware sind technisch bedingt und stellen keinen Mangel dar.Es wird bei Textilprodukten keine\u00a0Haftung f\u00fcr M\u00e4ngel \u00fcbernommen, die auf einen Versto\u00df gegen die Pflegeanleitung zur\u00fcckzuf\u00fchren sind. Textilien sind vor dem Tragen entsprechend der\u00a0Pflegeanleitung zu waschen und zu trocknen.<br \/>\n9.3 Soweit nicht abweichend vereinbart, gilt f\u00fcr nicht offensichtliche M\u00e4ngel die gesetzliche\u00a0Gew\u00e4hrleistungsfrist von 24 Monaten ab Lieferung. Bei offensichtlichen M\u00e4ngeln haben Sie diese M\u00e4ngel innerhalb von zwei Wochen nach Erhalt der Ware schriftlich\u00a0anzuzeigen, anderenfalls sind Gew\u00e4hrleistungsanspr\u00fcche wegen offensichtlicher M\u00e4ngel ausgeschlossen. F\u00fcr M\u00e4ngelr\u00fcgen durch Kaufleute gelten ansonsten die\u00a0gesetzlichen Bestimmungen des Handelsgesetzbuches.<br \/>\n9.4 Sie sind verpflichtet, uns die \u00dcberpr\u00fcfung der fehlerhaften Ware zu gestatten. Sind Sie\u00a0Kaufmann und ist die Geltendmachung des Mangelanspruchs nicht ausgeschlossen worden, so leisten wir f\u00fcr M\u00e4ngel zun\u00e4chst nach Ihrer Wahl Gew\u00e4hr durch\u00a0Nachbesserung oder Ersatzlieferung (Nacherf\u00fcllung). Sind Sie hingegen\u00a0Verbraucher, so haben Sie zun\u00e4chst die Wahl, ob die Nacherf\u00fcllung durch\u00a0Nachbesserung oder Ersatzlieferung erfolgen soll. Wir sind jedoch berechtigt, die\u00a0Art der vom Verbraucher gew\u00e4hlten Nacherf\u00fcllung zu verweigern, wenn diese nur\u00a0mit unverh\u00e4ltnism\u00e4\u00dfigen Kosten m\u00f6glich ist und die andere Art der Nacherf\u00fcllung\u00a0ohne erhebliche Nachteile f\u00fcr den Verbraucher bleibt. Schl\u00e4gt die Nacherf\u00fcllung\u00a0fehl, so kann der Kunde nach seiner Wahl Herabsetzung der Verg\u00fctung (Minderung)\u00a0oder R\u00fcckg\u00e4ngigmachung des Vertrages (R\u00fccktritt) verlangen. Bei einer nur\u00a0geringf\u00fcgigen Vertragswidrigkeit, insbesondere bei nur geringf\u00fcgigen M\u00e4ngeln, steht\u00a0dem Kunden jedoch kein R\u00fccktrittsrecht zu.Im Fall einer Nacherf\u00fcllung sind Sie\u00a0jedoch verpflichtet, die mangelhafte Ware innerhalb von 30 Tagen an uns\u00a0herauszugeben sowie f\u00fcr seinen Gebrauchsvorteil Wertersatz zu leisten \u2013 jeweils\u00a0entsprechend der gesetzlichen Vorschriften.<br \/>\n9.6 Keine Gew\u00e4hrleistungspflicht besteht f\u00fcr Sch\u00e4den durch normale Abnutzung sowie\u00a0unsachgem\u00e4\u00dfe Handhabung. Bei R\u00fccksendung zu Recht beanstandeter Ware tragen wir die Gefahr und Kosten. Die erneute Zustellung der Ware erfolgt ebenfalls auf\u00a0unsere Kosten.<br \/>\n9.7 Schadensersatzanspr\u00fcche gegen uns sind unabh\u00e4ngig vom Rechtsgrund ausgeschlossen, es sei\u00a0denn wir oder unsere Erf\u00fcllungsgehilfen haben vors\u00e4tzlich oder grob fahrl\u00e4ssig\u00a0gehandelt. F\u00fcr leichte Fahrl\u00e4ssigkeit haften wir nur, wenn eine f\u00fcr die Erreichung\u00a0des Vertragszwecks wesentliche Vertragspflicht durch uns oder unsere Erf\u00fcllungsgehilfen verletzt wurde. Vorstehende Haftungsbegrenzung betrifft\u00a0vertragliche sowie au\u00dfervertragliche Anspr\u00fcche, gilt jedoch nicht f\u00fcr\u00a0Schadenersatzanspr\u00fcche, die aus der Verletzung von Leben, K\u00f6rper, Gesundheit oder\u00a0der \u00dcbernahme einer Beschaffenheitsgarantie oder einem arglistigen Verschweigen\u00a0von M\u00e4ngeln unsererseits resultieren. Soweit wir f\u00fcr leichte Fahrl\u00e4ssigkeit haften,\u00a0wird der Schadensersatzanspruch auf den vorhersehbaren, vertragstypischen Schaden\u00a0begrenzt.<\/p>\n<p><em>10. Datenschutz<\/em><br \/>\nIm Umgang mit Ihren pers\u00f6nlichen Daten halten wir uns an alle Bestimmungen des\u00a0Datenschutzgesetzes und sind berechtigt, alle, die Gesch\u00e4ftsbeziehung mit Ihnen betreffenden Daten, unter Beachtung dieses Gesetzes zu verarbeiten und zu speichern.\u00a0Des Weiteren sind wir nach geltendem Recht befugt, von Handels- und Wirtschaftsauskunfteien Angaben \u00fcber Ihre Kreditw\u00fcrdigkeit einzuholen.<\/p>\n<p><em>11. Salvatorische Klausel\u00a0<\/em><br \/>\nSollten einzelne dieser Gesch\u00e4ftsbestimmungen ganz oder zum Teil unwirksam sein oder\u00a0werden, wird davon die Wirksamkeit der \u00fcbrigen Bestimmungen nicht ber\u00fchrt. Die\u00a0Vertragsparteien sind in diesem Fall verpflichtet, die Bestimmungen so auszulegen und zu\u00a0gestalten, dass der mit den nichtigen oder rechtsunwirksamen Teilen angestrebte Erfolg\u00a0soweit wie m\u00f6glich erreicht wird.<\/p>\n<p><em>12. Rechtswahl<\/em><br \/>\nSoweit gesetzlich zul\u00e4ssig, gilt deutsches Recht unter Ausschluss des UN-Kaufrechts<br \/>\n(CISG). Gerichtsstand ist, soweit gesetzlich zul\u00e4ssig, M\u00fcnchen.\n<\/div>\n","protected":false},"excerpt":{"rendered":"<p>Allgemeine Gesch\u00e4ftsbedingungen (AGB) F\u00fcr den Einkauf im Online-Shop der The Instrument Village Gbr 1. Vertragspartner \/ Geltung 1.1 Vertragspartner ist die The Instrument Village, Dino Borsellino, Frank Ehrmann, Markus\u00a0Sch\u00e4fer Gbr, Thalkirchnerstr. 78a, 80337 M\u00fcnchen. 1.2 Unsere Allgemeinen Gesch\u00e4ftsbedingungen (AGB) sind Vertragsbestandteil und gelten f\u00fcr alle,\u00a0somit auch zuk\u00fcnftigen Gesch\u00e4fte, Lieferungen und Leistungen des Shopbetreibers\u00a0mit Ihnen. Die [&hellip;]<\/p>\n","protected":false},"author":1,"featured_media":0,"parent":5,"menu_order":0,"comment_status":"closed","ping_status":"closed","template":"template-page-fullwidth.php","meta":{"footnotes":""},"class_list":["post-177","page","type-page","status-publish","hentry"],"_links":{"self":[{"href":"https:\/\/theinstrumentvillage.de\/index.php?rest_route=\/wp\/v2\/pages\/177","targetHints":{"allow":["GET"]}}],"collection":[{"href":"https:\/\/theinstrumentvillage.de\/index.php?rest_route=\/wp\/v2\/pages"}],"about":[{"href":"https:\/\/theinstrumentvillage.de\/index.php?rest_route=\/wp\/v2\/types\/page"}],"author":[{"embeddable":true,"href":"https:\/\/theinstrumentvillage.de\/index.php?rest_route=\/wp\/v2\/users\/1"}],"replies":[{"embeddable":true,"href":"https:\/\/theinstrumentvillage.de\/index.php?rest_route=%2Fwp%2Fv2%2Fcomments&post=177"}],"version-history":[{"count":15,"href":"https:\/\/theinstrumentvillage.de\/index.php?rest_route=\/wp\/v2\/pages\/177\/revisions"}],"predecessor-version":[{"id":1027,"href":"https:\/\/theinstrumentvillage.de\/index.php?rest_route=\/wp\/v2\/pages\/177\/revisions\/1027"}],"up":[{"embeddable":true,"href":"https:\/\/theinstrumentvillage.de\/index.php?rest_route=\/wp\/v2\/pages\/5"}],"wp:attachment":[{"href":"https:\/\/theinstrumentvillage.de\/index.php?rest_route=%2Fwp%2Fv2%2Fmedia&parent=177"}],"curies":[{"name":"wp","href":"https:\/\/api.w.org\/{rel}","templated":true}]}}